{"id":28,"date":"2025-08-29T14:08:16","date_gmt":"2025-08-29T14:08:16","guid":{"rendered":"http:\/\/montessoriacademie.fr\/?page_id=28"},"modified":"2025-10-17T19:53:09","modified_gmt":"2025-10-17T19:53:09","slug":"28-2","status":"publish","type":"page","link":"https:\/\/montessoriacademie.fr\/","title":{"rendered":"Bienvenue"},"content":{"rendered":"\n<div class=\"wp-block-group alignfull has-global-padding is-layout-constrained wp-block-group-is-layout-constrained\" style=\"margin-top:0;margin-bottom:0;padding-top:var(--wp--preset--spacing--50);padding-bottom:var(--wp--preset--spacing--50)\">\n<div class=\"wp-block-columns alignwide is-layout-flex wp-container-core-columns-is-layout-47c06fe3 wp-block-columns-is-layout-flex\">\n<div class=\"wp-block-column is-layout-flow wp-block-column-is-layout-flow\" style=\"flex-basis:56%\">\n<div class=\"wp-block-cover\"><img loading=\"lazy\" decoding=\"async\" width=\"1536\" height=\"1024\" class=\"wp-block-cover__image-background wp-image-9\" alt=\"\" src=\"http:\/\/montessoriacademie.fr\/wp-content\/uploads\/2025\/08\/fond-montessori-1.jpg\" data-object-fit=\"cover\" srcset=\"https:\/\/montessoriacademie.fr\/wp-content\/uploads\/2025\/08\/fond-montessori-1.jpg 1536w, https:\/\/montessoriacademie.fr\/wp-content\/uploads\/2025\/08\/fond-montessori-1-300x200.jpg 300w, https:\/\/montessoriacademie.fr\/wp-content\/uploads\/2025\/08\/fond-montessori-1-1024x683.jpg 1024w, https:\/\/montessoriacademie.fr\/wp-content\/uploads\/2025\/08\/fond-montessori-1-768x512.jpg 768w\" sizes=\"auto, (max-width: 1536px) 100vw, 1536px\" \/><span aria-hidden=\"true\" class=\"wp-block-cover__background has-background-dim\"><\/span><div class=\"wp-block-cover__inner-container is-layout-flow wp-block-cover-is-layout-flow\">\n<p class=\"has-text-align-center has-large-font-size\"><\/p>\n<\/div><\/div>\n\n\n\n<p><\/p>\n\n\n\n<div class=\"wp-block-cover has-custom-content-position is-position-bottom-center wp-duotone-unset-2\" style=\"min-height:841px;aspect-ratio:unset;\"><img loading=\"lazy\" decoding=\"async\" width=\"1919\" height=\"2560\" class=\"wp-block-cover__image-background wp-image-51 size-full\" alt=\"\" src=\"https:\/\/montessoriacademie.fr\/wp-content\/uploads\/2025\/09\/IMG_7027-1-scaled.jpg\" style=\"object-position:47% 68%\" data-object-fit=\"cover\" data-object-position=\"47% 68%\" srcset=\"https:\/\/montessoriacademie.fr\/wp-content\/uploads\/2025\/09\/IMG_7027-1-scaled.jpg 1919w, https:\/\/montessoriacademie.fr\/wp-content\/uploads\/2025\/09\/IMG_7027-1-225x300.jpg 225w, https:\/\/montessoriacademie.fr\/wp-content\/uploads\/2025\/09\/IMG_7027-1-768x1025.jpg 768w, https:\/\/montessoriacademie.fr\/wp-content\/uploads\/2025\/09\/IMG_7027-1-1151x1536.jpg 1151w, https:\/\/montessoriacademie.fr\/wp-content\/uploads\/2025\/09\/IMG_7027-1-1535x2048.jpg 1535w\" sizes=\"auto, (max-width: 1919px) 100vw, 1919px\" \/><span aria-hidden=\"true\" class=\"wp-block-cover__background has-background-dim\"><\/span><div class=\"wp-block-cover__inner-container is-layout-flow wp-block-cover-is-layout-flow\">\n<p class=\"has-text-align-center is-style-text-display has-large-font-size is-style-text-display--1\"><strong>Enseignante de formation, j\u2019ai travaill\u00e9 17 ann\u00e9es en \u00e9cole maternelle et \u00e9l\u00e9mentaire dans l\u2019agenais. Passionn\u00e9e par le d\u00e9veloppement et les besoins des jeunes enfants, j\u2019ai ensuite choisi de me former \u00e0 la p\u00e9dagogie Montessori durant une ann\u00e9e de cours et de stage.<\/strong><\/p>\n<\/div><\/div>\n<\/div>\n\n\n\n<div class=\"wp-block-column is-vertically-aligned-center is-layout-flow wp-container-core-column-is-layout-119bc444 wp-block-column-is-layout-flow\">\n<h2 class=\"wp-block-heading\">Apprendre \u00e0 son rythme, grandir en confiance<\/h2>\n\n\n\n<p><\/p>\n\n\n\n<p><strong>Je propose \u00e0 votre enfant un accompagnement scolaire personnalis\u00e9 \u00e0 domicile en lecture, \u00e9criture et math\u00e9matiques en m\u2019appuyant sur la p\u00e9dagogie Montessori. <\/strong><\/p>\n\n\n\n<p><strong>Gr\u00e2ce \u00e0 du mat\u00e9riel Montessori concret favorisant la manipulation, une progression des activit\u00e9s adapt\u00e9e et un accompagnement individualis\u00e9 et bienveillant, j\u2019aide chaque enfant \u00e0 renforcer ses apprentissages \u00e0 son rythme et \u00e0 retrouver confiance en ses capacit\u00e9s.&nbsp;<\/strong><\/p>\n\n\n\n<p><strong>Pour que l\u2019enfant devienne acteur de ses apprentissages : \u00ab&nbsp;Aide-moi \u00e0 faire par moi-m\u00eame&nbsp;\u00bb \u00e9crivait Maria Montessori.<\/strong><\/p>\n\n\n\n<p><strong>N\u2019h\u00e9sitez pas \u00e0 me contacter via l&rsquo;onglet intitul\u00e9 formulaire en haut de page.<\/strong><\/p>\n\n\n\n<p><strong>Caroline<\/strong> <strong>Hugue<\/strong><\/p>\n<\/div>\n<\/div>\n<\/div>\n\n\n\n<div class=\"wp-block-group alignfull has-global-padding is-layout-constrained wp-block-group-is-layout-constrained\" style=\"margin-top:0;margin-bottom:0;padding-top:var(--wp--preset--spacing--50);padding-bottom:var(--wp--preset--spacing--50)\">\n<div class=\"wp-block-group alignwide is-layout-grid wp-container-core-group-is-layout-75815986 wp-block-group-is-layout-grid\">\n<div class=\"wp-block-group wp-container-content-574e1f9d is-vertical is-content-justification-stretch is-layout-flex wp-container-core-group-is-layout-353c4f5a wp-block-group-is-layout-flex\">\n<p class=\"has-text-align-center\">Accompagnement et ateliers<\/p>\n\n\n\n<figure class=\"wp-block-image size-large\"><img loading=\"lazy\" decoding=\"async\" width=\"964\" height=\"1024\" src=\"http:\/\/montessoriacademie.fr\/wp-content\/uploads\/2025\/09\/activites-3-6-ans-pre-primaire-2-964x1024.jpg\" alt=\"\" class=\"wp-image-53\" srcset=\"https:\/\/montessoriacademie.fr\/wp-content\/uploads\/2025\/09\/activites-3-6-ans-pre-primaire-2-964x1024.jpg 964w, https:\/\/montessoriacademie.fr\/wp-content\/uploads\/2025\/09\/activites-3-6-ans-pre-primaire-2-283x300.jpg 283w, https:\/\/montessoriacademie.fr\/wp-content\/uploads\/2025\/09\/activites-3-6-ans-pre-primaire-2-768x816.jpg 768w, https:\/\/montessoriacademie.fr\/wp-content\/uploads\/2025\/09\/activites-3-6-ans-pre-primaire-2-1446x1536.jpg 1446w, https:\/\/montessoriacademie.fr\/wp-content\/uploads\/2025\/09\/activites-3-6-ans-pre-primaire-2-1929x2048.jpg 1929w\" sizes=\"auto, (max-width: 964px) 100vw, 964px\" \/><\/figure>\n\n\n\n<figure class=\"wp-block-image size-large\"><img loading=\"lazy\" decoding=\"async\" width=\"1001\" height=\"1024\" src=\"http:\/\/montessoriacademie.fr\/wp-content\/uploads\/2025\/09\/activites-primaire-en-numeration-et-calcul-2-1001x1024.jpg\" alt=\"\" class=\"wp-image-54\" srcset=\"https:\/\/montessoriacademie.fr\/wp-content\/uploads\/2025\/09\/activites-primaire-en-numeration-et-calcul-2-1001x1024.jpg 1001w, https:\/\/montessoriacademie.fr\/wp-content\/uploads\/2025\/09\/activites-primaire-en-numeration-et-calcul-2-293x300.jpg 293w, https:\/\/montessoriacademie.fr\/wp-content\/uploads\/2025\/09\/activites-primaire-en-numeration-et-calcul-2-768x786.jpg 768w, https:\/\/montessoriacademie.fr\/wp-content\/uploads\/2025\/09\/activites-primaire-en-numeration-et-calcul-2-1501x1536.jpg 1501w, https:\/\/montessoriacademie.fr\/wp-content\/uploads\/2025\/09\/activites-primaire-en-numeration-et-calcul-2-2001x2048.jpg 2001w\" sizes=\"auto, (max-width: 1001px) 100vw, 1001px\" \/><\/figure>\n\n\n\n<figure class=\"wp-block-image size-large\"><img loading=\"lazy\" decoding=\"async\" width=\"724\" height=\"1024\" src=\"http:\/\/montessoriacademie.fr\/wp-content\/uploads\/2025\/09\/activites-primaire-en-lecture-et-ecriture-2-724x1024.jpg\" alt=\"\" class=\"wp-image-55\" srcset=\"https:\/\/montessoriacademie.fr\/wp-content\/uploads\/2025\/09\/activites-primaire-en-lecture-et-ecriture-2-724x1024.jpg 724w, https:\/\/montessoriacademie.fr\/wp-content\/uploads\/2025\/09\/activites-primaire-en-lecture-et-ecriture-2-212x300.jpg 212w, https:\/\/montessoriacademie.fr\/wp-content\/uploads\/2025\/09\/activites-primaire-en-lecture-et-ecriture-2-768x1086.jpg 768w, https:\/\/montessoriacademie.fr\/wp-content\/uploads\/2025\/09\/activites-primaire-en-lecture-et-ecriture-2-1086x1536.jpg 1086w, https:\/\/montessoriacademie.fr\/wp-content\/uploads\/2025\/09\/activites-primaire-en-lecture-et-ecriture-2-1449x2048.jpg 1449w, https:\/\/montessoriacademie.fr\/wp-content\/uploads\/2025\/09\/activites-primaire-en-lecture-et-ecriture-2-scaled.jpg 1811w\" sizes=\"auto, (max-width: 724px) 100vw, 724px\" \/><\/figure>\n\n\n\n<figure class=\"wp-block-image size-large is-resized\"><img loading=\"lazy\" decoding=\"async\" width=\"1024\" height=\"635\" src=\"https:\/\/montessoriacademie.fr\/wp-content\/uploads\/2025\/09\/IMG_9629-1024x635.jpg\" alt=\"\" class=\"wp-image-89\" style=\"width:315px;height:auto\" srcset=\"https:\/\/montessoriacademie.fr\/wp-content\/uploads\/2025\/09\/IMG_9629-1024x635.jpg 1024w, https:\/\/montessoriacademie.fr\/wp-content\/uploads\/2025\/09\/IMG_9629-300x186.jpg 300w, https:\/\/montessoriacademie.fr\/wp-content\/uploads\/2025\/09\/IMG_9629-768x477.jpg 768w, https:\/\/montessoriacademie.fr\/wp-content\/uploads\/2025\/09\/IMG_9629-1536x953.jpg 1536w, https:\/\/montessoriacademie.fr\/wp-content\/uploads\/2025\/09\/IMG_9629-2048x1271.jpg 2048w\" sizes=\"auto, (max-width: 1024px) 100vw, 1024px\" \/><\/figure>\n\n\n\n<figure class=\"wp-block-image size-large\"><img loading=\"lazy\" decoding=\"async\" width=\"1024\" height=\"690\" src=\"https:\/\/montessoriacademie.fr\/wp-content\/uploads\/2025\/10\/IMG_9651-1024x690.jpg\" alt=\"\" class=\"wp-image-107\" srcset=\"https:\/\/montessoriacademie.fr\/wp-content\/uploads\/2025\/10\/IMG_9651-1024x690.jpg 1024w, https:\/\/montessoriacademie.fr\/wp-content\/uploads\/2025\/10\/IMG_9651-300x202.jpg 300w, https:\/\/montessoriacademie.fr\/wp-content\/uploads\/2025\/10\/IMG_9651-768x517.jpg 768w, https:\/\/montessoriacademie.fr\/wp-content\/uploads\/2025\/10\/IMG_9651-1536x1035.jpg 1536w, https:\/\/montessoriacademie.fr\/wp-content\/uploads\/2025\/10\/IMG_9651-2048x1379.jpg 2048w\" sizes=\"auto, (max-width: 1024px) 100vw, 1024px\" \/><\/figure>\n<\/div>\n\n\n\n<div class=\"wp-block-group wp-container-content-574e1f9d has-global-padding is-layout-constrained wp-block-group-is-layout-constrained\">\n<h2 class=\"wp-block-heading has-x-large-font-size\">                 Formules<\/h2>\n\n\n\n<p><\/p>\n\n\n\n<ul class=\"wp-block-list\">\n<li><strong>Accompagnement Montessori pour les 3-11 ans<\/strong> : activit\u00e9s d\u2019accompagnement cibl\u00e9es sur une difficult\u00e9 d\u2019apprentissage ponctuelle ou plus install\u00e9e, afin de permettre \u00e0 l\u2019enfant de reprendre confiance en lui gr\u00e2ce \u00e0 l\u2019utilisation de mat\u00e9riel concret et sensoriel favorisant une meilleure compr\u00e9hension et une assimilation durable de ses comp\u00e9tences en langage, lecture, \u00e9criture et math\u00e9matiques.<\/li>\n<\/ul>\n\n\n\n<p><\/p>\n\n\n\n<ul class=\"wp-block-list\">\n<li><strong>Ateliers Montessori pour les 3-7 ans <\/strong>: 3 ateliers diff\u00e9rents ou bien d&rsquo;un m\u00eame domaine d&rsquo;activit\u00e9, pour d\u00e9velopper la concentration, l\u2019autonomie et la confiance en soi afin de pr\u00e9parer ou de renforcer naturellement les bases des apprentissages scolaires, de mani\u00e8re adapt\u00e9e au rythme de chaque enfant.<\/li>\n\n\n\n<li>1er atelier : activit\u00e9s sensorielles de motricit\u00e9 fine \/ \u00e9criture<\/li>\n\n\n\n<li>2e atelier : activit\u00e9s de phonologie \/ lecture et langage<\/li>\n\n\n\n<li>3e atelier :  activit\u00e9s de math\u00e9matiques (num\u00e9ration et calcul)<\/li>\n<\/ul>\n\n\n\n<p><\/p>\n\n\n\n<ul class=\"wp-block-list\">\n<li><strong>Chaque s\u00e9ance<\/strong> <strong>d&rsquo;une heure<\/strong> (activit\u00e9 d&rsquo;accompagnement ou atelier)<strong> inclut \u00e0 la fin un temps d&rsquo;\u00e9change de 5 \u00e0 10 minutes<\/strong> pour valoriser les progr\u00e8s et d\u00e9finir les \u00e9tapes suivantes.<\/li>\n<\/ul>\n<\/div>\n\n\n\n<div class=\"wp-block-group wp-container-content-574e1f9d is-vertical is-content-justification-stretch is-layout-flex wp-container-core-group-is-layout-353c4f5a wp-block-group-is-layout-flex\">\n<p class=\"has-text-align-center\">FORFAITS <\/p>\n\n\n\n<ul class=\"wp-block-list\">\n<li><b>Forfait accompagnement Montessori de 8 s\u00e9ances d&rsquo; 1 heure (<\/b><strong style=\"font-weight: bold;\">\u00e0 r\u00e9aliser sur une p\u00e9riode de deux mois maximum<\/strong><strong>):<\/strong><strong> <\/strong> Tarif secteur 1 : 36 x 8 = 288\u20ac Tarif secteur 2 : 40 x 8 = 320\u20ac<\/li>\n<\/ul>\n\n\n\n<p><strong>S\u00e9ance premier contact avant accompagnement ou ateliers : 30\u20ac<\/strong> (secteur 1) <strong>ou 35\u20ac<\/strong> (secteur 2)si prise d&rsquo;un forfait de 3 ou 8 s\u00e9ances. Sinon la s\u00e9ance sera factur\u00e9e au tarif horaire de 36\u20ac ou de 40\u20ac selon le secteur.<\/p>\n\n\n\n<p>Elle comprend 30 min d\u2019activit\u00e9s avec votre enfant et 30 min d\u2019\u00e9change pour cibler et personnaliser les activit\u00e9s selon ses besoins puis d\u00e9finir les dates de la totalit\u00e9 des s\u00e9ances.<\/p>\n\n\n\n<p><\/p>\n\n\n\n<ul class=\"wp-block-list\">\n<li><strong>Forfait ateliers Montessori 3 jours : 3 ateliers d&rsquo; 1 heure sur 3 jours cons\u00e9cutifs (pendant les vacances scolaires) ou sur 3 semaines cons\u00e9cutives (en dehors des vacances).<\/strong> Tarif secteur 1 : 36 x 3 = 108\u20ac Tarif secteur 2 : 40 x 3 = 120\u20ac.<\/li>\n<\/ul>\n\n\n\n<p><\/p>\n\n\n\n<p>                       DETAIL DES TARIFS <\/p>\n\n\n\n<ul class=\"wp-block-list\">\n<li><strong>Secteur 1 (Agen) : 36\u20ac\/heure<\/strong><\/li>\n\n\n\n<li><strong>Secteur 2 (agglom\u00e9ration d\u2019Agen jusqu\u2019\u00e0 15km) : 40\u20ac\/heure<\/strong><\/li>\n\n\n\n<li><strong>Le paiement se fait \u00e0 la s\u00e9ance. <\/strong>Une facture globale vous sera fournie \u00e0 la fin<strong> <\/strong>de chaque forfait. <\/li>\n\n\n\n<li>Une attestation fiscale annuelle vous sera d\u00e9livr\u00e9e en janvier de l&rsquo;ann\u00e9e suivante afin de b\u00e9n\u00e9ficier de la <strong>r\u00e9duction d&rsquo;imp\u00f4t ou du cr\u00e9dit d&rsquo;imp\u00f4t<\/strong>.<\/li>\n<\/ul>\n<\/div>\n<\/div>\n<\/div>\n","protected":false},"excerpt":{"rendered":"<p>Apprendre \u00e0 son rythme, grandir en confiance Je propose \u00e0 votre enfant un accompagnement scolaire personnalis\u00e9 \u00e0 domicile en lecture, \u00e9criture et math\u00e9matiques en m\u2019appuyant sur la p\u00e9dagogie Montessori. Gr\u00e2ce \u00e0 du mat\u00e9riel Montessori concret favorisant la manipulation, une progression des activit\u00e9s adapt\u00e9e et un accompagnement individualis\u00e9 et bienveillant, j\u2019aide chaque enfant \u00e0 renforcer ses [&hellip;]<\/p>\n","protected":false},"author":1,"featured_media":0,"parent":0,"menu_order":0,"comment_status":"closed","ping_status":"closed","template":"","meta":{"footnotes":""},"class_list":["post-28","page","type-page","status-publish","hentry"],"_links":{"self":[{"href":"https:\/\/montessoriacademie.fr\/index.php?rest_route=\/wp\/v2\/pages\/28","targetHints":{"allow":["GET"]}}],"collection":[{"href":"https:\/\/montessoriacademie.fr\/index.php?rest_route=\/wp\/v2\/pages"}],"about":[{"href":"https:\/\/montessoriacademie.fr\/index.php?rest_route=\/wp\/v2\/types\/page"}],"author":[{"embeddable":true,"href":"https:\/\/montessoriacademie.fr\/index.php?rest_route=\/wp\/v2\/users\/1"}],"replies":[{"embeddable":true,"href":"https:\/\/montessoriacademie.fr\/index.php?rest_route=%2Fwp%2Fv2%2Fcomments&post=28"}],"version-history":[{"count":77,"href":"https:\/\/montessoriacademie.fr\/index.php?rest_route=\/wp\/v2\/pages\/28\/revisions"}],"predecessor-version":[{"id":179,"href":"https:\/\/montessoriacademie.fr\/index.php?rest_route=\/wp\/v2\/pages\/28\/revisions\/179"}],"wp:attachment":[{"href":"https:\/\/montessoriacademie.fr\/index.php?rest_route=%2Fwp%2Fv2%2Fmedia&parent=28"}],"curies":[{"name":"wp","href":"https:\/\/api.w.org\/{rel}","templated":true}]}}